{"id":2,"date":"2016-05-10T03:48:21","date_gmt":"2016-05-10T03:48:21","guid":{"rendered":"http:\/\/wp452m.a10-52-158-154.qa.plesk.ru\/wordpress\/?page_id=2"},"modified":"2025-10-15T15:12:27","modified_gmt":"2025-10-15T15:12:27","slug":"sample-page","status":"publish","type":"page","link":"http:\/\/wp.sgs-ev.de\/","title":{"rendered":"Startseite"},"content":{"rendered":"<p style=\"text-align: left;\" data-wp-editing=\"1\"><strong>Die Spel\u00e4o-Gruppe Sauerland e.V. (SGS)<\/strong><\/p>\n<p style=\"text-align: left;\" data-wp-editing=\"1\"><strong><img loading=\"lazy\" decoding=\"async\" class=\"alignnone wp-image-237 size-large\" src=\"http:\/\/wp.sgs-ev.de\/wp-content\/uploads\/2021\/01\/CC185570-45CD-481A-9DA0-A432456A3C43-scaled-e1755430181776-1024x607.jpeg\" alt=\"\" width=\"750\" height=\"445\" srcset=\"http:\/\/wp.sgs-ev.de\/wp-content\/uploads\/2021\/01\/CC185570-45CD-481A-9DA0-A432456A3C43-scaled-e1755430181776-1024x607.jpeg 1024w, http:\/\/wp.sgs-ev.de\/wp-content\/uploads\/2021\/01\/CC185570-45CD-481A-9DA0-A432456A3C43-scaled-e1755430181776-300x178.jpeg 300w, http:\/\/wp.sgs-ev.de\/wp-content\/uploads\/2021\/01\/CC185570-45CD-481A-9DA0-A432456A3C43-scaled-e1755430181776-768x455.jpeg 768w, http:\/\/wp.sgs-ev.de\/wp-content\/uploads\/2021\/01\/CC185570-45CD-481A-9DA0-A432456A3C43-scaled-e1755430181776-1536x911.jpeg 1536w, http:\/\/wp.sgs-ev.de\/wp-content\/uploads\/2021\/01\/CC185570-45CD-481A-9DA0-A432456A3C43-scaled-e1755430181776.jpeg 2000w\" sizes=\"auto, (max-width: 750px) 100vw, 750px\" \/><\/strong><\/p>\n<p style=\"text-align: left;\" data-wp-editing=\"1\">Der Verein wurde im Jahre 1978 gegr\u00fcndet.<br \/>\nDas Ziel ist die wissenschaftliche Erforschung der sauerl\u00e4ndischen H\u00f6hlen und historischen Bergwerke zu f\u00f6rdern und gute Kontakte zu den Grundeigent\u00fcmern und zust\u00e4ndigen Beh\u00f6rden zu pflegen.<br \/>\nAuch die Einbindung der Objekte in den geschichtlichen Kontext werden ber\u00fccksichtigt.<\/p>\n<p style=\"text-align: left;\" data-wp-editing=\"1\">Unsere anerkannt gemeinn\u00fctzige Arbeit ist in Referaten strukturiert und wird durch Mitgliedschaften in anderenVereinen gleicher Zielsetzung flankiert. Eine sportliche Komponente besteht nicht.<\/p>\n<p>&nbsp;<\/p>\n<p><strong><u>Aktuell:<\/u><\/strong><\/p>\n<p data-wp-editing=\"1\"><b>\u201eFelsenmeer-Forschungsstation er\u00f6ffnet\u201c<\/b><\/p>\n<p data-wp-editing=\"1\">Am 11. Juli 2025 wurde unter Teilnahme der zust\u00e4ndigen Beh\u00f6rdenvertreter die Forschungsstation der Spel\u00e4o-Gruppe Sauerland e.V. am Felsenmeer feierlich er\u00f6ffnet.<\/p>\n<p data-wp-editing=\"1\"><img loading=\"lazy\" decoding=\"async\" class=\"alignnone wp-image-1072 size-large\" src=\"http:\/\/wp.sgs-ev.de\/wp-content\/uploads\/2025\/08\/IMGP3898-1024x801.jpeg\" alt=\"\" width=\"750\" height=\"587\" srcset=\"http:\/\/wp.sgs-ev.de\/wp-content\/uploads\/2025\/08\/IMGP3898-1024x801.jpeg 1024w, http:\/\/wp.sgs-ev.de\/wp-content\/uploads\/2025\/08\/IMGP3898-300x235.jpeg 300w, http:\/\/wp.sgs-ev.de\/wp-content\/uploads\/2025\/08\/IMGP3898-768x601.jpeg 768w, http:\/\/wp.sgs-ev.de\/wp-content\/uploads\/2025\/08\/IMGP3898-1536x1202.jpeg 1536w, http:\/\/wp.sgs-ev.de\/wp-content\/uploads\/2025\/08\/IMGP3898-2048x1602.jpeg 2048w\" sizes=\"auto, (max-width: 750px) 100vw, 750px\" \/><\/p>\n<p><img loading=\"lazy\" decoding=\"async\" class=\"wp-image-1071 size-medium alignleft\" src=\"http:\/\/wp.sgs-ev.de\/wp-content\/uploads\/2025\/08\/IMGP3899-300x220.jpeg\" alt=\"\" width=\"300\" height=\"220\" srcset=\"http:\/\/wp.sgs-ev.de\/wp-content\/uploads\/2025\/08\/IMGP3899-300x220.jpeg 300w, http:\/\/wp.sgs-ev.de\/wp-content\/uploads\/2025\/08\/IMGP3899-1024x751.jpeg 1024w, http:\/\/wp.sgs-ev.de\/wp-content\/uploads\/2025\/08\/IMGP3899-768x563.jpeg 768w, http:\/\/wp.sgs-ev.de\/wp-content\/uploads\/2025\/08\/IMGP3899-1536x1126.jpeg 1536w, http:\/\/wp.sgs-ev.de\/wp-content\/uploads\/2025\/08\/IMGP3899-2048x1502.jpeg 2048w\" sizes=\"auto, (max-width: 300px) 100vw, 300px\" \/>Die Forscher der Spel\u00e4o-Gruppe Sauerland k\u00f6nnen nun bei ihren Erkundungen der Tiefen des gesch\u00fctzten Gebiets auf die Forschungsstation als St\u00fctzpunkt zur\u00fcckgreifen. F\u00fcr die \u00d6ffentlichkeit ist die Forschungsstation an jedem 3. Samstag im Monat von 10 bis 16 Uhr kostenlos ge\u00f6ffnet. An diesen Tagen finden jeweils um 11 und um 14 Uhr \u00fcbert\u00e4gige F\u00fchrungen durch das Felsenmeer statt. F\u00fcr diese wird eine Voranmeldung unter <a href=\"tel:02372\/80704\">02372\/80704<\/a> erbeten. Die Forschungsstation befindet sich im Sauerlandpark Hemer und dort in der N\u00e4he des S\u00fcdeingangs zum \u201ePark der Sinne\u201c.<\/p>\n<p>\u00dcber die Er\u00f6ffnung berichtete auch der <a href=\"http:\/\/wp.sgs-ev.de\/?page_id=1057\" data-type=\"link\" data-id=\"http:\/\/wp.sgs-ev.de\/?page_id=1057\">Iserlohner Kreisanzeiger.<\/a><\/p>\n<p>&nbsp;<\/p>\n<p>&nbsp;<\/p>\n<p style=\"text-align: left;\" data-wp-editing=\"1\"><strong>\u201eDie Visualisierung des mittelalterlichen Bergbaus im Bodendenkmal Felsenmeer\u201c<\/strong><\/p>\n<div style=\"width: 750px;\" class=\"wp-video\"><video class=\"wp-video-shortcode\" id=\"video-2-1\" width=\"750\" height=\"422\" poster=\"http:\/\/wp.sgs-ev.de\/wp-content\/uploads\/2023\/09\/IMG_0538-scaled.jpeg\" preload=\"metadata\" controls=\"controls\"><source type=\"video\/mp4\" src=\"http:\/\/wp.sgs-ev.de\/wp-content\/uploads\/2023\/09\/Felsenmeer-Promo-280829.mp4?_=1\" \/><a href=\"http:\/\/wp.sgs-ev.de\/wp-content\/uploads\/2023\/09\/Felsenmeer-Promo-280829.mp4\">http:\/\/wp.sgs-ev.de\/wp-content\/uploads\/2023\/09\/Felsenmeer-Promo-280829.mp4<\/a><\/video><\/div>\n<p data-wp-editing=\"1\">n\u00e4here Informationen unter <a href=\"http:\/\/felsenmeer.sgs-ev.de\/\"><strong>\u201eFelsenmeer\u201c<\/strong><\/a><\/p>\n<p><!--more--><\/p>\n","protected":false},"excerpt":{"rendered":"<p>Die Spel\u00e4o-Gruppe Sauerland e.V. (SGS) Der Verein wurde im Jahre 1978 gegr\u00fcndet. Das Ziel ist die wissenschaftliche Erforschung der sauerl\u00e4ndischen H\u00f6hlen und historischen Bergwerke zu f\u00f6rdern und gute Kontakte zu den Grundeigent\u00fcmern und zust\u00e4ndigen Beh\u00f6rden zu pflegen. Auch die Einbindung<\/p>\n","protected":false},"author":1,"featured_media":236,"parent":0,"menu_order":0,"comment_status":"closed","ping_status":"closed","template":"","meta":{"footnotes":""},"class_list":["post-2","page","type-page","status-publish","has-post-thumbnail","hentry"],"_links":{"self":[{"href":"http:\/\/wp.sgs-ev.de\/index.php?rest_route=\/wp\/v2\/pages\/2","targetHints":{"allow":["GET"]}}],"collection":[{"href":"http:\/\/wp.sgs-ev.de\/index.php?rest_route=\/wp\/v2\/pages"}],"about":[{"href":"http:\/\/wp.sgs-ev.de\/index.php?rest_route=\/wp\/v2\/types\/page"}],"author":[{"embeddable":true,"href":"http:\/\/wp.sgs-ev.de\/index.php?rest_route=\/wp\/v2\/users\/1"}],"replies":[{"embeddable":true,"href":"http:\/\/wp.sgs-ev.de\/index.php?rest_route=%2Fwp%2Fv2%2Fcomments&post=2"}],"version-history":[{"count":80,"href":"http:\/\/wp.sgs-ev.de\/index.php?rest_route=\/wp\/v2\/pages\/2\/revisions"}],"predecessor-version":[{"id":1131,"href":"http:\/\/wp.sgs-ev.de\/index.php?rest_route=\/wp\/v2\/pages\/2\/revisions\/1131"}],"wp:featuredmedia":[{"embeddable":true,"href":"http:\/\/wp.sgs-ev.de\/index.php?rest_route=\/wp\/v2\/media\/236"}],"wp:attachment":[{"href":"http:\/\/wp.sgs-ev.de\/index.php?rest_route=%2Fwp%2Fv2%2Fmedia&parent=2"}],"curies":[{"name":"wp","href":"https:\/\/api.w.org\/{rel}","templated":true}]}}