{"id":1057,"date":"2025-07-20T10:48:36","date_gmt":"2025-07-20T10:48:36","guid":{"rendered":"http:\/\/wp.sgs-ev.de\/?page_id=1057"},"modified":"2025-07-20T10:48:36","modified_gmt":"2025-07-20T10:48:36","slug":"iserlohner-kreisanzeiger-und-zeitung-vom-15-07-2025","status":"publish","type":"page","link":"http:\/\/wp.sgs-ev.de\/?page_id=1057","title":{"rendered":"Iserlohner Kreisanzeiger und Zeitung  vom 15.07.2025"},"content":{"rendered":"<p>Im Iserlohner Kreisanzeiger erschien am 15.07.2025 der folgende Artikel \u00fcber die SGS:<\/p>\n<p><img loading=\"lazy\" decoding=\"async\" class=\"size-large wp-image-1060 aligncenter\" src=\"http:\/\/wp.sgs-ev.de\/wp-content\/uploads\/2025\/07\/Safari-2025-07-20-12.40.12-1024x424.png\" alt=\"\" width=\"750\" height=\"311\" srcset=\"http:\/\/wp.sgs-ev.de\/wp-content\/uploads\/2025\/07\/Safari-2025-07-20-12.40.12-1024x424.png 1024w, http:\/\/wp.sgs-ev.de\/wp-content\/uploads\/2025\/07\/Safari-2025-07-20-12.40.12-300x124.png 300w, http:\/\/wp.sgs-ev.de\/wp-content\/uploads\/2025\/07\/Safari-2025-07-20-12.40.12-768x318.png 768w, http:\/\/wp.sgs-ev.de\/wp-content\/uploads\/2025\/07\/Safari-2025-07-20-12.40.12-1536x636.png 1536w, http:\/\/wp.sgs-ev.de\/wp-content\/uploads\/2025\/07\/Safari-2025-07-20-12.40.12.png 1969w\" sizes=\"auto, (max-width: 750px) 100vw, 750px\" \/><\/p>\n<figure id=\"attachment_1059\" aria-describedby=\"caption-attachment-1059\" style=\"width: 750px\" class=\"wp-caption aligncenter\"><img loading=\"lazy\" decoding=\"async\" class=\"wp-image-1059 size-large\" src=\"http:\/\/wp.sgs-ev.de\/wp-content\/uploads\/2025\/07\/409511242_1752498587_v16_9_1600-1024x576.webp\" alt=\"\" width=\"750\" height=\"422\" srcset=\"http:\/\/wp.sgs-ev.de\/wp-content\/uploads\/2025\/07\/409511242_1752498587_v16_9_1600-1024x576.webp 1024w, http:\/\/wp.sgs-ev.de\/wp-content\/uploads\/2025\/07\/409511242_1752498587_v16_9_1600-300x169.webp 300w, http:\/\/wp.sgs-ev.de\/wp-content\/uploads\/2025\/07\/409511242_1752498587_v16_9_1600-768x432.webp 768w, http:\/\/wp.sgs-ev.de\/wp-content\/uploads\/2025\/07\/409511242_1752498587_v16_9_1600-1536x864.webp 1536w, http:\/\/wp.sgs-ev.de\/wp-content\/uploads\/2025\/07\/409511242_1752498587_v16_9_1600.webp 1600w\" sizes=\"auto, (max-width: 750px) 100vw, 750px\" \/><figcaption id=\"caption-attachment-1059\" class=\"wp-caption-text\">Die Forschungsstation der Spel\u00e4o-Gruppe Sauerland (SGS) wurde vor kurzem offiziell er\u00f6ffnet. Matthias Hattwig von der Unteren Naturschutzbeh\u00f6rde des M\u00e4rkischen Kreises, Bj\u00f6rn Wegen (SGS), Professor Dr. Michael Baalis, Leiter der Au\u00dfenstelle Olpe der LWL-Arch\u00e4ologie f\u00fcr Westfalen, B\u00fcrgermeister Christian Schweitzer, Wolfgang H\u00e4nisch (SGS) und Sauerlandpark-Gesch\u00e4ftsf\u00fchrer Thomas Bielawski schneiden feierlich das Band durch.\u00a0 \u00a0\u00a9 IKZ | Hendrik Schulze Zumh\u00fclsen<\/figcaption><\/figure>\n<p>Hemer.\u00a0Die neue Forschungsstation der Spel\u00e4o-Gruppe Sauerland ist nun eingeweiht worden. An jedem dritten Samstag im Monat ist der Pavillon ge\u00f6ffnet.<\/p>\n<p>Das\u00a0<b>Felsenmeer<\/b>\u00a0in\u00a0Hemer\u00a0ist eine Besonderheit. Nicht nur die Natur hat das Geotop geformt, auch der neuzeitliche und mittelalterliche Bergbau pr\u00e4gt die Felsformation. Die Forscher der\u00a0<b>Spel\u00e4o-Gruppe Sauerland<\/b>\u00a0erkunden die Tiefen des gesch\u00fctzten Gebiets und k\u00f6nnen nun auf eine Forschungsstation im Park der Sinne im Sauerlandpark zur\u00fcckgreifen. Die hilft der Gruppe bei ihren Ausfl\u00fcgen unter Tage. Allerdings kann auch die \u00d6ffentlichkeit den Forschern etwa einmal im Monat \u00fcber die Schultern gucken. Am kommenden Samstag von 10 bis etwa 16 Uhr und k\u00fcnftig jeden dritten Samstag in den Sommermonaten ist der Pavillon ge\u00f6ffnet.<\/p>\n<p>Mehrere Karten zeigen im Inneren des Pavillons das Gebiet des Felsenmeeres. Rote und blaue Punkte weisen auf einer Karte darauf hin, wo der Mensch seinen Einfluss bemerkbar gemacht hat. Spuren des neuzeitlichen Bergbaus sind mit roten Punkten gekennzeichnet. In der Mehrzahl sind aber die blauen Punkte. Diese weisen auf den\u00a0<b>mittelalterlichen Bergbau<\/b>\u00a0vor rund 1000 Jahren hin. \u201eMittelalterlicher Bergbau ist in dieser Region gar nicht so selten. Bei uns ist er aber ungest\u00f6rt geblieben. Und das ist das Einzigartige\u201c, beschreibt Wolfgang H\u00e4nisch, Leiter der Spel\u00e4o-Gruppe Sauerland (SGS), mit Begeisterung das Felsenmeer.<\/p>\n<p><b>Zur\u00fcckgelassene Werkzeuge und weitere Exponate<\/b><\/p>\n<p>Einige Exponate befinden sich ebenfalls in den Vitrinen. Zur\u00fcckgelassene Werkzeuge, alte Grubenlampen und auch ein Silberpfennig, etwa aus dem Jahr 1260. Der Unterschied zwischen moderner Forschung und den alten Methoden wird ebenfalls deutlich. Ein alter<b>\u00a0H\u00e4nge- oder Markscheider-Kompass\u00a0<\/b>liegt neben einem modernen Vermessungsger\u00e4t. \u201eAuch damals gab es Vermessungen\u201c, erkl\u00e4rt Bj\u00f6rn Wegen, Technischer Vorstand des SGS, und bezieht sich dabei auf die Neuzeit. Weitere Exponate sollen dazukommen.<\/p>\n<p>Die Vermessung der unterirdischen H\u00f6hlen geh\u00f6rt auch zu den Arbeiten, die Interessierte bei einem Besuch der Forschungsstation miterleben k\u00f6nnen. Mit den unterschiedlichen Daten aus den Vermessungen l\u00e4sst sich die unterirdische Welt unter dem Felsenmeer besser verstehen. Au\u00dferdem \u00fcberpr\u00fcft die SGS tektonische Risse im Felsenmeer. Mit den Daten haben die Forscher auch einen\u00a0virtuellen Rundgang durch die \u201eB\u00e4renh\u00f6hle\u201c\u00a0m\u00f6glich gemacht, was Professor Dr. Michael Baalis, Leiter der Au\u00dfenstelle Olpe der LWL-Arch\u00e4ologie f\u00fcr Westfalen, bei der Er\u00f6ffnung lobend erw\u00e4hnte. \u00dcber einen\u00a0<b>QR-Code<\/b>\u00a0k\u00f6nnen Besucher die dreidimensionale Felsenmeerwelt erkunden. SGS, der LWL, die Stadt und die Firma \u201eiumax\u201c hatten das Projekt gemeinsam entwickelt.<\/p>\n<p><b>80 Prozent F\u00f6rderung durch EU-F\u00f6rderprogramm<\/b><\/p>\n<p>Mit kleinen Gruppen wollen die Mitglieder der Spel\u00e4o-Gruppe am Samstag auch\u00a0<b>kleine F\u00fchrungen durch das Geotop<\/b>\u00a0anbieten. Wie das in Zukunft gelingt, h\u00e4ngt an den dann anwesenden Mitgliedern vor Ort. Wer an einer F\u00fchrung interessiert ist, kann sich unter haenisch@sgs-ev.de an Wolfgang H\u00e4nisch wenden.<\/p>\n<p>Die\u00a0<b>Forschungsstation<\/b>\u00a0soll auch dazu dienen, den Mitgliedern der Spel\u00e4o-Gruppe R\u00fcckzugsm\u00f6glichkeiten nach Ausfl\u00fcgen in das Felsenmeer zu erm\u00f6glichen. In den engen G\u00e4ngen der H\u00f6hlenwelt ist es oft schlammig. Mit\u00a0<b>LEADER-F\u00f6rdergeldern\u00a0<\/b>wurden 80 Prozent der rund 20.000 Euro Baukosten refinanziert. Der Eigenanteil der Stadt bel\u00e4uft sich laut einer Vorlage der Verwaltung bei rund 4000 Euro.<\/p>\n<p>&nbsp;<\/p>\n","protected":false},"excerpt":{"rendered":"<p>Im Iserlohner Kreisanzeiger erschien am 15.07.2025 der folgende Artikel \u00fcber die SGS: Hemer.\u00a0Die neue Forschungsstation der Spel\u00e4o-Gruppe Sauerland ist nun eingeweiht worden. An jedem dritten Samstag im Monat ist der Pavillon ge\u00f6ffnet. Das\u00a0Felsenmeer\u00a0in\u00a0Hemer\u00a0ist eine Besonderheit. Nicht nur die Natur hat<\/p>\n","protected":false},"author":1,"featured_media":0,"parent":0,"menu_order":0,"comment_status":"closed","ping_status":"closed","template":"","meta":{"footnotes":""},"class_list":["post-1057","page","type-page","status-publish","hentry"],"_links":{"self":[{"href":"http:\/\/wp.sgs-ev.de\/index.php?rest_route=\/wp\/v2\/pages\/1057","targetHints":{"allow":["GET"]}}],"collection":[{"href":"http:\/\/wp.sgs-ev.de\/index.php?rest_route=\/wp\/v2\/pages"}],"about":[{"href":"http:\/\/wp.sgs-ev.de\/index.php?rest_route=\/wp\/v2\/types\/page"}],"author":[{"embeddable":true,"href":"http:\/\/wp.sgs-ev.de\/index.php?rest_route=\/wp\/v2\/users\/1"}],"replies":[{"embeddable":true,"href":"http:\/\/wp.sgs-ev.de\/index.php?rest_route=%2Fwp%2Fv2%2Fcomments&post=1057"}],"version-history":[{"count":3,"href":"http:\/\/wp.sgs-ev.de\/index.php?rest_route=\/wp\/v2\/pages\/1057\/revisions"}],"predecessor-version":[{"id":1062,"href":"http:\/\/wp.sgs-ev.de\/index.php?rest_route=\/wp\/v2\/pages\/1057\/revisions\/1062"}],"wp:attachment":[{"href":"http:\/\/wp.sgs-ev.de\/index.php?rest_route=%2Fwp%2Fv2%2Fmedia&parent=1057"}],"curies":[{"name":"wp","href":"https:\/\/api.w.org\/{rel}","templated":true}]}}